{"id":172,"date":"2026-04-10T10:00:51","date_gmt":"2026-04-10T08:00:51","guid":{"rendered":"https:\/\/praxiling.cnrs.fr\/jep2026\/?page_id=172"},"modified":"2026-04-30T13:11:44","modified_gmt":"2026-04-30T11:11:44","slug":"ateliers","status":"publish","type":"page","link":"https:\/\/praxiling.cnrs.fr\/jep2026\/ateliers\/","title":{"rendered":"ATELIERS"},"content":{"rendered":"\n<p>Dans le cadre des JEP 2026, quatre ateliers auront lieu la journ\u00e9e du 08 juin 2026 : <\/p>\n\n\n\n<ul class=\"wp-block-list\">\n<li><a href=\"#GRAM\" data-type=\"internal\" data-id=\"#GRAM\">GRAM <\/a>: Groupe de Recherche sur les Avanc\u00e9es des Mod\u00e8les de fondation en parole (9-17h) &#8211; Yannick Est\u00e8ve (LIA, Avignon) &amp; Fran\u00e7ois Portet (LIG, Grenoble)<\/li>\n\n\n\n<li><a href=\"#PROSANTE\" data-type=\"internal\" data-id=\"#PROSANTE\">Variation prosodique et sant\u00e9 : d\u00e9finitions, \u00e9valuation, perspectives <\/a>(13h30 &#8211; 17h) &#8211; Anne-Flore Gindre (LPP, Paris) &amp; Cwiosna Roques (Praxiling, Montpellier)<\/li>\n\n\n\n<li><a href=\"#AGIPRON\" data-type=\"internal\" data-id=\"#AGIPRON\">AGIPRON<\/a> : Agir sur la prononciation en langue non native. (13h30 &#8211; 17h) &#8211; Bernard Harmegnies (CIPA\/IRSTL, Mons) &amp; V\u00e9ronique Delvaux (IRSTL, Mons)<\/li>\n\n\n\n<li><a href=\"#TOPO\" data-type=\"internal\" data-id=\"#TOPO\">TOPO <\/a>:Temporalit\u00e9 et Organisation de la Production Orale (13h30 &#8211; 17h) &#8211; Anahita Basirat (SCALab, Lille) &amp; Virginie Roland (IRSTL, Mons)<\/li>\n<\/ul>\n\n\n\n<p><\/p>\n\n\n\n<p class=\"has-large-font-size\" id=\"GRAM\"><strong>Atelier GRAM : <\/strong><\/p>\n\n\n\n<p style=\"line-height:0.8\"><strong>APPEL \u00c0 COMMUNICATION<\/strong><\/p>\n\n\n\n<p>Dans le cadre des JEP 2026, l\u2019atelier&nbsp;<strong>GRAM<\/strong>&nbsp;(Groupe de Recherche sur les Avanc\u00e9es des Mod\u00e8les de fondation en parole) vise \u00e0 r\u00e9unir la communaut\u00e9 francophone \u2014 chercheurs acad\u00e9miques, doctorants et acteurs industriels \u2014 pour \u00e9changer sur les enjeux scientifiques li\u00e9s \u00e0 la transformation du Traitement Automatique de la Parole (TAP).<\/p>\n\n\n\n<p>L&rsquo;objectif principal est de structurer la communaut\u00e9 autour des mod\u00e8les de fondation et de leurs capacit\u00e9s de repr\u00e9sentation transf\u00e9rables. L&rsquo;atelier privil\u00e9gie la libre circulation des id\u00e9es, les travaux en cours et les prises de position plut\u00f4t que la pr\u00e9sentation de r\u00e9sultats d\u00e9finitifs.<\/p>\n\n\n\n<p><strong>DATES IMPORTANTES<\/strong><\/p>\n\n\n\n<ul class=\"wp-block-list\">\n<li>Soumission des articles : 4 mai, 2026<\/li>\n\n\n\n<li>Notification aux auteurs : 19 mai, 2026<\/li>\n\n\n\n<li>Atelier : 8 juin 2026, Montpellier<\/li>\n<\/ul>\n\n\n\n<p><strong>TH\u00c9MATIQUES DE L\u2019ATELIER<\/strong><\/p>\n\n\n\n<p>Les sujets d\u2019int\u00e9r\u00eat incluent, mais ne sont pas limit\u00e9s \u00e0 :<\/p>\n\n\n\n<ul class=\"wp-block-list\">\n<li><strong>Langues et ressources :<\/strong>&nbsp;Francophonie, langues r\u00e9gionales, accents, multilinguisme, gestion des ressources manquantes et qualit\u00e9 des donn\u00e9es.<\/li>\n\n\n\n<li><strong>\u00c9thique et sobri\u00e9t\u00e9 :<\/strong>&nbsp;\u00c9quit\u00e9, explicabilit\u00e9, IA frugale, mod\u00e8les open source et efficacit\u00e9 \u00e0 l\u2019apprentissage.<\/li>\n\n\n\n<li><strong>\u00c9valuation et architectures :<\/strong>&nbsp;\u00c9valuation \u00e0 l&rsquo;\u00e8re des LLMs, multimodalit\u00e9, transfert d&rsquo;apprentissage, robustesse, repr\u00e9sentations efficaces et grounding.<\/li>\n\n\n\n<li><strong>Applications et usage :<\/strong>&nbsp;Paralinguistique, interactions avec les LLM, dialogue, inf\u00e9rence efficace et streaming.<\/li>\n<\/ul>\n\n\n\n<p><strong>TYPES ET FORMAT DES SOUMISSIONS<\/strong><\/p>\n\n\n\n<p>L&rsquo;atelier appelle des propositions sous le format suivant :<\/p>\n\n\n\n<ul class=\"wp-block-list\">\n<li><strong>Articles r\u00e9sum\u00e9s (3 pages max + r\u00e9f\u00e9rences) respectant le style des JEPs :&nbsp;<\/strong>Les feuilles de style Latex et Office sont disponibles dans une&nbsp;<a href=\"https:\/\/praxiling.cnrs.fr\/jep2026\/wp-content\/uploads\/2025\/10\/jep2026.zip\">archive<\/a>&nbsp;ou via&nbsp;<a href=\"https:\/\/fr.overleaf.com\/read\/nvggcpkdjqjw#2d93b9\">overleaf<\/a>.<\/li>\n\n\n\n<li>Travaux de recherche m\u00eame \u00e0 l&rsquo;\u00e9tat d&rsquo;\u00e9bauche avanc\u00e9e<\/li>\n\n\n\n<li><em>Position papers<\/em>&nbsp;et r\u00e9flexions sur de nouveaux d\u00e9fis<\/li>\n\n\n\n<li>Revisites de questions de recherche<\/li>\n\n\n\n<li>Travaux d\u00e9j\u00e0 publi\u00e9s ou en cours de soumission (pour pr\u00e9sentation sous forme de poster)<\/li>\n<\/ul>\n\n\n\n<p>Les articles accept\u00e9s seront pr\u00e9sent\u00e9s au cours de la journ\u00e9e sous la forme d\u2019une&nbsp;<strong>pr\u00e9sentation orale (20 min)<\/strong>&nbsp;ou d\u2019un&nbsp;<strong>poster<\/strong>. Pour les sessions posters, la r\u00e9utilisation de posters d\u00e9j\u00e0 imprim\u00e9s pour d&rsquo;autres conf\u00e9rences est explicitement encourag\u00e9e.<\/p>\n\n\n\n<p>Afin de permettre la soumission ult\u00e9rieure des travaux et d&rsquo;accueillir des recherches d\u00e9j\u00e0 publi\u00e9es,&nbsp;<strong>aucun acte officiel ne sera archiv\u00e9.<\/strong><\/p>\n\n\n\n<p>La langue de l&rsquo;atelier est le fran\u00e7ais, mais les documents de soumission en anglais sont accept\u00e9s. Les feuilles de style (LaTeX et Office) sont celles des JEP 2026.<\/p>\n\n\n\n<p><strong>Soumission :<\/strong>&nbsp;Par courrier \u00e9lectronique aux organisateurs (<a href=\"mailto:yannick.esteve@univ-avignon.fr\">yannick.esteve@univ-avignon.fr<\/a>&nbsp;et&nbsp;<a href=\"mailto:francois.portet@imag.fr\">francois.portet@imag.fr<\/a>).<\/p>\n\n\n\n<p><\/p>\n\n\n\n<p class=\"has-large-font-size\" id=\"PROSANTE\"><strong>Atelier \u00ab\u00a0Variation prosodique et sant\u00e9 : d\u00e9finitions, \u00e9valuation, perspectives\u00a0\u00bb<\/strong><\/p>\n\n\n\n<p class=\"has-medium-font-size\">A.-F. Gindre (LPP, CNRS &amp; Universit\u00e9 Sorbonne Nouvelle) &amp; C. Roques (Praxiling, CNRS &amp; Universit\u00e9 Paul Val\u00e9ry Montpellier 3)<\/p>\n\n\n\n<p>Cet atelier propose d\u2019interroger la variation prosodique dans le champ de la sant\u00e9, en partant du constat que la prosodie, bien que centrale dans la structuration linguistique, l\u2019expression des attitudes, des \u00e9motions et l\u2019identification des locuteurs, reste difficile \u00e0 caract\u00e9riser lorsqu\u2019elle s\u2019\u00e9carte des normes attendues. La notion de dysprosodie recouvre en effet des r\u00e9alit\u00e9s h\u00e9t\u00e9rog\u00e8nes, soulevant des enjeux th\u00e9oriques, m\u00e9thodologiques et cliniques. Dans la continuit\u00e9 de l\u2019atelier \u00ab Regards crois\u00e9s sur l\u2019\u00e9valuation de la prosodie en contexte atypique \u00bb (JEP 2022), l\u2019atelier visera \u00e0 confronter les cadres d\u2019analyse et les pratiques d\u2019\u00e9valuation, et \u00e0 favoriser les \u00e9changes entre chercheurs et cliniciens. L\u2019organisation reposera sur une introduction g\u00e9n\u00e9rale suivie de discussions en tables rondes autour de trois axes (enjeux de l\u2019\u00e9tude de la prosodie, caract\u00e9risation de la prosodie atypique, protocoles d\u2019\u00e9valuation), puis d\u2019une discussion finale consacr\u00e9e aux perspectives de recherche et aux collaborations interdisciplinaires. <\/p>\n\n\n\n<p>Lien d&rsquo;inscription : <a href=\"https:\/\/docs.google.com\/forms\/d\/e\/1FAIpQLSfkwKIQv1GB2m2HgEBuCPdEB2HERsETaSMqWYDGdvj1pRdR8g\/viewform\">https:\/\/docs.google.com\/forms\/d\/e\/1FAIpQLSfkwKIQv1GB2m2HgEBuCPdEB2HERsETaSMqWYDGdvj1pRdR8g\/viewform<\/a>&nbsp;<\/p>\n\n\n\n<p>Adresses de contact : <a href=\"mailto:anne-flore.gindre@cnrs.fr\">anne-flore.gindre@cnrs.fr<\/a> et <a href=\"mailto:cwiosna.roques@univ-montp3.fr\">cwiosna.roques@univ-montp3.fr<\/a><\/p>\n\n\n\n<p><\/p>\n\n\n\n<p class=\"has-large-font-size\" id=\"AGIPRON\"><strong>AGIPRON<\/strong><\/p>\n\n\n\n<p><strong>\u00a0A<em>gir sur la prononciation en langue non native. Regards scientifiques sur la correction, la m\u00e9diation,<\/em><\/strong> <strong><em>l\u2019\u00e9ducation\u2026 phon\u00e9tiques<\/em><\/strong><em>.<\/em><\/p>\n\n\n\n<p><strong>Le th\u00e8me en bref<\/strong><\/p>\n\n\n\n<p>En pr\u00e9ambule aux 36<sup>\u00e8mes<\/sup> Journ\u00e9es d\u2019\u00c9tudes sur la Parole (JEP2026), l\u2019Atelier AGIPRON, coorganis\u00e9 par la Soci\u00e9t\u00e9 savante de droit belge \u00ab&nbsp;CIPA&nbsp;\u00bb (Centre International de phon\u00e9tique appliqu\u00e9e)<sup>asbl<\/sup> et le Service de m\u00e9trologie et sciences du langage de l\u2019Universit\u00e9 de Mons, se centre sur les ph\u00e9nom\u00e8nes li\u00e9s \u00e0 un corps de pratiques p\u00e9dagogiques (\u00abcorrection phon\u00e9tique\u00bb, \u00abphon\u00e9tique corrective\u00bb, \u00abm\u00e9diation de la prononciation\u00bb, &#8230;), avec pour objectif de mettre en place un partage de r\u00e9flexions sur les recherches scientifiques du domaine (pass\u00e9es, en cours et \u00e0 venir) au sein de la communaut\u00e9 des chercheurs francophones en communication parl\u00e9e.<\/p>\n\n\n\n<p>Les JEP, \u00e9v\u00e9nement scientifique par essence, s\u2019ouvrent ici au public des praticiens en leur offrant l\u2019occasion de dialoguer avec les chercheurs du domaine, convaincus que sont ces derniers du bien-fond\u00e9 et des b\u00e9n\u00e9fices potentiels que les contacts entre chercheurs et praticiens peuvent permettre de d\u00e9gager tant pour les uns que pour les autres.<\/p>\n\n\n\n<p><strong>Le contenu<\/strong><\/p>\n\n\n\n<p>1\u00b0 Communications<\/p>\n\n\n\n<p><em>Trois (groupes de) personnes pr\u00e9sentent chacun leurs travaux r\u00e9cents&nbsp;:<\/em><\/p>\n\n\n\n<p>o Fabian Santiago : <em>L&rsquo;importance des interactions prosodie-phon\u00e9tique dans l&rsquo;acquisition de<\/em><\/p>\n\n\n\n<p><em>la phonologie d&rsquo;une L2 : approches th\u00e9oriques, \u00e9tudes acoustiques et d\u00e9fis didactique<\/em><\/p>\n\n\n\n<p>o Marina Gioiella : <em>\u00c9tudier exp\u00e9rimentalement la correction phon\u00e9tique : un dispositif semi-<\/em><\/p>\n\n\n\n<p><em>automatis\u00e9 pour contr\u00f4ler les mod\u00e8les propos\u00e9s aux apprenants.<\/em><\/p>\n\n\n\n<p>o Claire Pillot-Loiseau, Louise McKeever, Haohan Zhang &amp; Xiao Xiao: <em>Multimodalit\u00e9 en<\/em><\/p>\n\n\n\n<p><em>m\u00e9diation phon\u00e9tique sur le plan segmental: exemple d\u2019un r\u00e9trocontr\u00f4le utilis\u00e9 en classe<\/em><\/p>\n\n\n\n<p><em>de langue. .<\/em><\/p>\n\n\n\n<p><em><u>2\u00b0 Discussions<\/u><\/em><\/p>\n\n\n\n<p>L\u2019ensemble des personnes pr\u00e9sentes entrent en discussion sur la base de pistes de r\u00e9flexion propos\u00e9es par trois phon\u00e9ticiens&nbsp;:<\/p>\n\n\n\n<ul class=\"wp-block-list\">\n<li>Charlotte Alazard (Universit\u00e9 de Toulouse Jean-Jaur\u00e8s),<\/li>\n<\/ul>\n\n\n\n<ul class=\"wp-block-list\">\n<li>Michel Billi\u00e8res (Universit\u00e9 de Toulouse Jean-Jaur\u00e8s),<\/li>\n<\/ul>\n\n\n\n<ul class=\"wp-block-list\">\n<li>Rudolph Sock (Universit\u00e9 de Strasbourg)<\/li>\n<\/ul>\n\n\n\n<p><strong>Le concret<\/strong><\/p>\n\n\n\n<ul class=\"wp-block-list\">\n<li><strong>Dates et heures<\/strong><\/li>\n<\/ul>\n\n\n\n<p>L\u2019atelier se d\u00e9roulera le lundi 8 septembre de 13 \u00e0 17H.<\/p>\n\n\n\n<ul class=\"wp-block-list\">\n<li><strong>Lieux<\/strong><\/li>\n<\/ul>\n\n\n\n<p>L\u2019atelier s\u2019organisera sur le campus de l\u2019Universit\u00e9 de Montpellier Paul-Val\u00e9ry (publication de la localisation exacte \u00e0 venir prochainement).<\/p>\n\n\n\n<ul class=\"wp-block-list\">\n<li><strong>Co\u00fbt<\/strong><\/li>\n<\/ul>\n\n\n\n<p>La participation est offerte par les organisateurs. Il n\u2019y a aucun frais \u00e0 couvrir par les participants&nbsp;: aucun droit d\u2019inscription \u00e0 acquitter, m\u00eame pour celles et ceux qui ne sont pas inscrits aux JEP proprement dites.<\/p>\n\n\n\n<ul class=\"wp-block-list\">\n<li><strong>Inscription<\/strong><\/li>\n<\/ul>\n\n\n\n<p>Elle est absolument n\u00e9cessaire, pour le 1<sup>er<\/sup> juin au plus tard. Elle s\u2019effectue par simple courriel \u00e0 Courriel : <a href=\"mailto:cipa@umons.ac.be\">cipa@umons.ac.be<\/a> . Pr\u00e9ciser en ent\u00eate du courriel \u00ab&nbsp;Atelier AGIPRON&nbsp;\u00bb&nbsp;; indiquer Pr\u00e9nom, Nom, affiliations institutionnelles, et d\u00e9crire succinctement votre motivation.<\/p>\n\n\n\n<ul class=\"wp-block-list\">\n<li><strong>Modalit\u00e9s de participation<\/strong><\/li>\n<\/ul>\n\n\n\n<p>La participation \u00e0 l\u2019atelier peut s\u2019effectuer en modalit\u00e9 pr\u00e9sentielle (de pr\u00e9f\u00e9rence) ou distancielle (un lien Teams sera partag\u00e9).<\/p>\n\n\n\n<ul class=\"wp-block-list\">\n<li><strong>Pour toute autre question,<\/strong><\/li>\n<\/ul>\n\n\n\n<p>Merci de les adresser par courriel \u00e0 <a href=\"mailto:cipa@umons.cipa.be\">cipa@umons.cipa.be<\/a><\/p>\n\n\n\n<p><strong>Bient\u00f4t la deuxi\u00e8me circulaire\u2026<\/strong><\/p>\n\n\n\n<p><\/p>\n\n\n\n<p class=\"has-large-font-size\" id=\"TOPO\"><strong>TOPO<\/strong><\/p>\n\n\n\n<p style=\"line-height:0.7\"><\/p>\n\n\n\n<p>Les travaux actuels soulignent l\u2019importance centrale de l&rsquo;organisation temporelle et rythmique de la parole, dont les alt\u00e9rations, qu\u2019elles soient d\u2019origine pathologique (dysarthrie, b\u00e9gaiement, etc.) ou environnementale (parole dans le bruit ou sous contrainte physique par exemple), affectent \u00e0 la fois la production et la perception avec des cons\u00e9quences sur la segmentation, la prosodie et la fluence. Les \u00e9tudes empiriques r\u00e9centes tendent \u00e0 identifier les m\u00e9triques les plus sensibles \u00e0 partir de diverses t\u00e2ches exp\u00e9rimentales. Par ailleurs, les mod\u00e8les neuro-computationnels permettent de formaliser ces dynamiques et de tester des hypoth\u00e8ses sur l\u2019organisation rythmique du signal et d\u2019explorer les param\u00e8tres susceptibles de diff\u00e9rencier parole typique et parole pathologique.<\/p>\n\n\n\n<p>Les intervenants exposeront, sous forme de cadrage th\u00e9orique, les mod\u00e8les de production de la parole ainsi que les r\u00e9sultats d\u2019\u00e9tudes empiriques men\u00e9es aupr\u00e8s de diff\u00e9rentes populations, en mettant en \u00e9vidence, entre autres, les m\u00e9triques temporelles les plus robustes ainsi que les principales limites m\u00e9thodologiques actuelles. La mani\u00e8re dont les aspects temporels et rythmiques sont pris en compte dans des mod\u00e8les neuro-computationnels de la production et\/ou de la perception de la parole typique et pathologique sera \u00e9galement pr\u00e9sent\u00e9e. Enfin, l\u2019atelier se cl\u00f4turera par une table ronde, o\u00f9 intervenants et participants seront invit\u00e9s \u00e0 \u00e9changer sur les questionnements soulev\u00e9s durant les interventions ainsi que sur les pistes d\u2019investigation futures pour la recherche, tout en \u00e9tablissant des liens avec des implications cliniques. <\/p>\n\n\n\n<p>Toutes les informations relatives \u00e0 l&rsquo;atelier sont disponibles <a href=\"https:\/\/praxiling.cnrs.fr\/jep2026\/wp-content\/uploads\/2026\/04\/Proposition_atelier_JEP26_Basirat_Roland.pdf\" data-type=\"link\" data-id=\"https:\/\/praxiling.cnrs.fr\/jep2026\/wp-content\/uploads\/2026\/04\/Proposition_atelier_JEP26_Basirat_Roland.pdf\">ici<\/a>.<\/p>\n\n\n\n<p>Lien d&rsquo;inscription : <a href=\"https:\/\/forms.cloud.microsoft\/Pages\/ResponsePage.aspx?id=ne2LSKfW1Ui6H-vsOCOzV4ZG7AkoNwdOkc4H-9X3DyRUQ0xaTldTWEpNQlNWM0UzRjNKRlczNktFRS4u\" data-type=\"link\" data-id=\"https:\/\/forms.cloud.microsoft\/Pages\/ResponsePage.aspx?id=ne2LSKfW1Ui6H-vsOCOzV4ZG7AkoNwdOkc4H-9X3DyRUQ0xaTldTWEpNQlNWM0UzRjNKRlczNktFRS4u\">JEP 2026 : Inscription \u00e0 l&rsquo;atelier TOPO<\/a><\/p>\n\n\n\n<p>Contact : <a href=\"mailto:anahita.basirat@univ-lille.fr\">anahita.basirat@univ-lille.fr<\/a> et <a href=\"mailto:virginie.roland@umons.ac.be\">virginie.roland@umons.ac.be<\/a><\/p>\n\n\n\n<p><\/p>\n","protected":false},"excerpt":{"rendered":"<p>Dans le cadre des JEP 2026, quatre ateliers auront lieu la journ\u00e9e du 08 juin 2026 : Atelier GRAM : APPEL \u00c0 COMMUNICATION Dans le cadre des JEP 2026, l\u2019atelier&nbsp;GRAM&nbsp;(Groupe de Recherche sur les Avanc\u00e9es des Mod\u00e8les de fondation en parole) vise \u00e0 r\u00e9unir la communaut\u00e9 francophone \u2014 chercheurs acad\u00e9miques, doctorants et acteurs industriels \u2014 [&hellip;]<\/p>\n","protected":false},"author":3,"featured_media":0,"parent":0,"menu_order":0,"comment_status":"closed","ping_status":"closed","template":"","meta":{"footnotes":""},"class_list":["post-172","page","type-page","status-publish","hentry"],"blocksy_meta":[],"_links":{"self":[{"href":"https:\/\/praxiling.cnrs.fr\/jep2026\/wp-json\/wp\/v2\/pages\/172","targetHints":{"allow":["GET"]}}],"collection":[{"href":"https:\/\/praxiling.cnrs.fr\/jep2026\/wp-json\/wp\/v2\/pages"}],"about":[{"href":"https:\/\/praxiling.cnrs.fr\/jep2026\/wp-json\/wp\/v2\/types\/page"}],"author":[{"embeddable":true,"href":"https:\/\/praxiling.cnrs.fr\/jep2026\/wp-json\/wp\/v2\/users\/3"}],"replies":[{"embeddable":true,"href":"https:\/\/praxiling.cnrs.fr\/jep2026\/wp-json\/wp\/v2\/comments?post=172"}],"version-history":[{"count":8,"href":"https:\/\/praxiling.cnrs.fr\/jep2026\/wp-json\/wp\/v2\/pages\/172\/revisions"}],"predecessor-version":[{"id":201,"href":"https:\/\/praxiling.cnrs.fr\/jep2026\/wp-json\/wp\/v2\/pages\/172\/revisions\/201"}],"wp:attachment":[{"href":"https:\/\/praxiling.cnrs.fr\/jep2026\/wp-json\/wp\/v2\/media?parent=172"}],"curies":[{"name":"wp","href":"https:\/\/api.w.org\/{rel}","templated":true}]}}