{"id":146,"date":"2026-03-27T11:55:14","date_gmt":"2026-03-27T10:55:14","guid":{"rendered":"https:\/\/praxiling.cnrs.fr\/jep2026\/?page_id=146"},"modified":"2026-04-10T13:22:40","modified_gmt":"2026-04-10T11:22:40","slug":"inscriptions","status":"publish","type":"page","link":"https:\/\/praxiling.cnrs.fr\/jep2026\/inscriptions\/","title":{"rendered":"Inscriptions"},"content":{"rendered":"\n<p class=\"has-medium-font-size\" style=\"font-style:normal;font-weight:1000\"><strong>Les inscriptions sont ouvertes <\/strong>: <a href=\"https:\/\/jep2026.sciencesconf.org\/registration?lang=fr\" data-type=\"link\" data-id=\"https:\/\/jep2026.sciencesconf.org\/registration?lang=fr\">JEP2026<\/a> !<\/p>\n\n\n\n<p>Pour le paiement en ligne, merci de privil\u00e9gier les navigateurs Firefox et Chrome.<\/p>\n\n\n\n<p>Les attestations de paiement seront disponibles apr\u00e8s la liquidation des recettes de la conf\u00e9rence (le nom qui sera indiqu\u00e9 sur l&rsquo;attestation sera celui pr\u00e9cis\u00e9 par le payeur lors de son versement). Si vous pr\u00e9f\u00e9rez une facture, votre \u00e9tablissement doit adresser un bon de commande \u00e0 l&rsquo;universit\u00e9 de Montpellier Paul-Val\u00e9ry en amont du colloque. Dans ce cas pr\u00e9cis, il n&rsquo;est pas possible de payer par PayBox.<\/p>\n\n\n\n<h3 class=\"wp-block-heading\">Tarifs<\/h3>\n\n\n\n<p><em><strong>Les tarifs indiqu\u00e9s comprennent les d\u00e9jeuners, pauses ainsi que le repas de gala et le ticket de tram sur la semaine<\/strong><\/em>.<\/p>\n\n\n\n<p><span style=\"text-decoration: underline;\">Tarifs d&rsquo;inscription du 10 avril au 10 mai 2026 : <\/span><\/p>\n\n\n\n<p>&#8211; Tarif plein (hors AFCP) : 520 \u20ac<\/p>\n\n\n\n<p>&#8211; Tarif plein (membres AFCP) : 430 \u20ac<\/p>\n\n\n\n<p>&#8211; Tarif r\u00e9duit (hors AFCP) &#8211; \u00e9tudiants ou revenus inf\u00e9rieurs \u00e0 5000\u20ac\/an : 280 \u20ac<\/p>\n\n\n\n<p>&#8211; Tarif r\u00e9duit (membres AFCP) &#8211; \u00e9tudiants ou revenus inf\u00e9rieurs \u00e0 5000\u20ac\/an : 190 \u20ac<\/p>\n\n\n\n<p>&#8211; Accompagnants (repas de gala) : 100 \u20ac<\/p>\n\n\n\n<p><span style=\"text-decoration: underline;\">Tarifs d&rsquo;inscription tardive (majoration de 20% \u00e0 compter du 10 mai 2026) :<\/span><\/p>\n\n\n\n<p>&#8211; Tarif plein (hors AFCP) : 625 \u20ac<\/p>\n\n\n\n<p>&#8211; Tarif plein (membres AFCP) : 520 \u20ac<\/p>\n\n\n\n<p>&#8211; Tarif r\u00e9duit (hors AFCP) &#8211; \u00e9tudiants ou revenus inf\u00e9rieurs \u00e0 5000\u20ac\/an : 335 \u20ac<\/p>\n\n\n\n<p>&#8211; Tarif r\u00e9duit (membres AFCP) &#8211; \u00e9tudiants ou revenus inf\u00e9rieurs \u00e0 5000\u20ac\/an : 230 \u20ac<\/p>\n\n\n\n<p><\/p>\n","protected":false},"excerpt":{"rendered":"<p>Les inscriptions sont ouvertes : JEP2026 ! Pour le paiement en ligne, merci de privil\u00e9gier les navigateurs Firefox et Chrome. Les attestations de paiement seront disponibles apr\u00e8s la liquidation des recettes de la conf\u00e9rence (le nom qui sera indiqu\u00e9 sur l&rsquo;attestation sera celui pr\u00e9cis\u00e9 par le payeur lors de son versement). Si vous pr\u00e9f\u00e9rez une [&hellip;]<\/p>\n","protected":false},"author":3,"featured_media":0,"parent":0,"menu_order":0,"comment_status":"closed","ping_status":"closed","template":"","meta":{"footnotes":""},"class_list":["post-146","page","type-page","status-publish","hentry"],"blocksy_meta":[],"_links":{"self":[{"href":"https:\/\/praxiling.cnrs.fr\/jep2026\/wp-json\/wp\/v2\/pages\/146","targetHints":{"allow":["GET"]}}],"collection":[{"href":"https:\/\/praxiling.cnrs.fr\/jep2026\/wp-json\/wp\/v2\/pages"}],"about":[{"href":"https:\/\/praxiling.cnrs.fr\/jep2026\/wp-json\/wp\/v2\/types\/page"}],"author":[{"embeddable":true,"href":"https:\/\/praxiling.cnrs.fr\/jep2026\/wp-json\/wp\/v2\/users\/3"}],"replies":[{"embeddable":true,"href":"https:\/\/praxiling.cnrs.fr\/jep2026\/wp-json\/wp\/v2\/comments?post=146"}],"version-history":[{"count":6,"href":"https:\/\/praxiling.cnrs.fr\/jep2026\/wp-json\/wp\/v2\/pages\/146\/revisions"}],"predecessor-version":[{"id":176,"href":"https:\/\/praxiling.cnrs.fr\/jep2026\/wp-json\/wp\/v2\/pages\/146\/revisions\/176"}],"wp:attachment":[{"href":"https:\/\/praxiling.cnrs.fr\/jep2026\/wp-json\/wp\/v2\/media?parent=146"}],"curies":[{"name":"wp","href":"https:\/\/api.w.org\/{rel}","templated":true}]}}